{"id":2,"date":"2019-12-14T06:11:15","date_gmt":"2019-12-14T05:11:15","guid":{"rendered":"https:\/\/www.vetromaghie.com\/vetro-riciclato\/?page_id=2"},"modified":"2020-04-22T22:57:53","modified_gmt":"2020-04-22T20:57:53","slug":"vetro-soffiato-riciclato","status":"publish","type":"page","link":"https:\/\/www.vetromaghie.com\/vetro-riciclato\/es\/index.php\/vetro-soffiato-riciclato\/","title":{"rendered":"Vetro Soffiato Riciclato"},"content":{"rendered":"\n<figure class=\"wp-block-gallery columns-3 is-cropped\"><ul class=\"blocks-gallery-grid\"><li class=\"blocks-gallery-item\"><figure><img loading=\"lazy\" width=\"1024\" height=\"637\" src=\"https:\/\/www.vetromaghie.com\/vetro-riciclato\/wp-content\/uploads\/2020\/02\/riciclo-2-1024x637.jpg\" alt=\"\" data-id=\"306\" data-full-url=\"https:\/\/www.vetromaghie.com\/vetro-riciclato\/wp-content\/uploads\/2020\/02\/riciclo-2.jpg\" data-link=\"https:\/\/www.vetromaghie.com\/vetro-riciclato\/index.php\/pagina-di-esempio\/riciclo-2\/\" class=\"wp-image-306\" srcset=\"https:\/\/www.vetromaghie.com\/vetro-riciclato\/wp-content\/uploads\/2020\/02\/riciclo-2-1024x637.jpg 1024w, https:\/\/www.vetromaghie.com\/vetro-riciclato\/wp-content\/uploads\/2020\/02\/riciclo-2-300x187.jpg 300w, https:\/\/www.vetromaghie.com\/vetro-riciclato\/wp-content\/uploads\/2020\/02\/riciclo-2-768x478.jpg 768w, https:\/\/www.vetromaghie.com\/vetro-riciclato\/wp-content\/uploads\/2020\/02\/riciclo-2-1536x955.jpg 1536w, https:\/\/www.vetromaghie.com\/vetro-riciclato\/wp-content\/uploads\/2020\/02\/riciclo-2-820x510.jpg 820w, https:\/\/www.vetromaghie.com\/vetro-riciclato\/wp-content\/uploads\/2020\/02\/riciclo-2.jpg 1785w\" sizes=\"(max-width: 1024px) 100vw, 1024px\" \/><\/figure><\/li><li class=\"blocks-gallery-item\"><figure><img loading=\"lazy\" width=\"1024\" height=\"678\" src=\"https:\/\/www.vetromaghie.com\/vetro-riciclato\/wp-content\/uploads\/2020\/02\/DSC_0369-1024x678.jpg\" alt=\"\" data-id=\"287\" data-full-url=\"https:\/\/www.vetromaghie.com\/vetro-riciclato\/wp-content\/uploads\/2020\/02\/DSC_0369.jpg\" data-link=\"https:\/\/www.vetromaghie.com\/vetro-riciclato\/index.php\/pagina-di-esempio\/dsc_0369\/\" class=\"wp-image-287\" srcset=\"https:\/\/www.vetromaghie.com\/vetro-riciclato\/wp-content\/uploads\/2020\/02\/DSC_0369-1024x678.jpg 1024w, https:\/\/www.vetromaghie.com\/vetro-riciclato\/wp-content\/uploads\/2020\/02\/DSC_0369-300x199.jpg 300w, https:\/\/www.vetromaghie.com\/vetro-riciclato\/wp-content\/uploads\/2020\/02\/DSC_0369-768x509.jpg 768w, https:\/\/www.vetromaghie.com\/vetro-riciclato\/wp-content\/uploads\/2020\/02\/DSC_0369-1536x1017.jpg 1536w, https:\/\/www.vetromaghie.com\/vetro-riciclato\/wp-content\/uploads\/2020\/02\/DSC_0369-820x543.jpg 820w, https:\/\/www.vetromaghie.com\/vetro-riciclato\/wp-content\/uploads\/2020\/02\/DSC_0369.jpg 1800w\" sizes=\"(max-width: 1024px) 100vw, 1024px\" \/><\/figure><\/li><li class=\"blocks-gallery-item\"><figure><img loading=\"lazy\" width=\"1024\" height=\"678\" src=\"https:\/\/www.vetromaghie.com\/vetro-riciclato\/wp-content\/uploads\/2020\/02\/DSC_0394-1024x678.jpg\" alt=\"\" data-id=\"288\" data-full-url=\"https:\/\/www.vetromaghie.com\/vetro-riciclato\/wp-content\/uploads\/2020\/02\/DSC_0394.jpg\" data-link=\"https:\/\/www.vetromaghie.com\/vetro-riciclato\/index.php\/pagina-di-esempio\/dsc_0394\/\" class=\"wp-image-288\" srcset=\"https:\/\/www.vetromaghie.com\/vetro-riciclato\/wp-content\/uploads\/2020\/02\/DSC_0394-1024x678.jpg 1024w, https:\/\/www.vetromaghie.com\/vetro-riciclato\/wp-content\/uploads\/2020\/02\/DSC_0394-300x199.jpg 300w, https:\/\/www.vetromaghie.com\/vetro-riciclato\/wp-content\/uploads\/2020\/02\/DSC_0394-768x509.jpg 768w, https:\/\/www.vetromaghie.com\/vetro-riciclato\/wp-content\/uploads\/2020\/02\/DSC_0394-1536x1017.jpg 1536w, https:\/\/www.vetromaghie.com\/vetro-riciclato\/wp-content\/uploads\/2020\/02\/DSC_0394-820x543.jpg 820w, https:\/\/www.vetromaghie.com\/vetro-riciclato\/wp-content\/uploads\/2020\/02\/DSC_0394.jpg 1800w\" sizes=\"(max-width: 1024px) 100vw, 1024px\" \/><\/figure><\/li><\/ul><\/figure>\n\n\n\n<p>Quando ho scoperto la tecnica del vetro soffiato e sono andata in Scozia per impararla, ho iniziato ad usare il cristallo che \u00e8 tanto bello perch\u00e8 molto brillante e trasparente e morbido da lavorare sia a caldo che a freddo ma ci dicevano essere tossico perch\u00e8 contiene piombo. <\/p>\n\n\n\n<p>Quando, tornata in Italia, nel 2000, ho iniziato a pensare di aprire un mio studio mi \u00e8 sembrato assurdo dover comprare il vetro, magari un vetro pulito e brillante come il cristallo pi\u00f9 adatto alla lavorazione artigianale ma tossico per l&#8217;essere umano e l&#8217;ambiente. <\/p>\n\n\n\n<p>Ho iniziato a fare delle ricerche e tutti i vetrai (uomini) mi dicevano che non era possibile usare il vetro di bottiglie, che era troppo duro, che bisognava aggiungere materia prima. Ma io ero testarda, mi dicevo che se il vetro si scioglie, un modo per poterlo rilavorare ci deve essere! mi sembrava cos\u00ec logico e lineare che ho continuato a crederci. Falorni da cui ho comprato la fornace e Derek il mio maestro scozzese e Massimiliano del Co.Re.Ve mi hanno incoraggiata e sostenuta e cos\u00ec ho cominciato quest&#8217;avventura.<\/p>\n\n\n\n<p>Adesso, dopo 17 anni che lavoro il vetro riciclato in fornace, posso dire di aver trovato tante tecniche per rilavorarlo che ho dovuto inventare perch\u00e8 \u00e8 sicuramente pi\u00f9 duro e si raffredda  pi\u00f9 velocemente del vetro di murano ma si pu\u00f2 certamente usare per creare tanti oggetti belli e funzionali come quelli che vedete in queste pagine. <\/p>\n\n\n\n<p>All&#8217;inizio di quest&#8217;avventura, quando facevo i mercati, la gente mi diceva che se era riciclato doveva costare meno ed io ero molto imbarazzata, perch\u00e8 ero giovane ed inesperta. Adesso posso dire che il vetro riciclato lavorato in fornace dovrebbe costare forse di pi\u00f9 di quello artistico perch\u00e8 richiede pi\u00f9 lavoro sia nel reperimento che nella preparazione del vetro, pi\u00f9 velocit\u00e0 e abilit\u00e0 nella lavorazione e quindi tanti anni di sperimentazione autodidatta, inoltre necessita di una temperatura di lavorazione leggermente pi\u00f9 alta. Ma sicuramente costa meno all&#8217;ambiente perch\u00e8  si utilizza una temperatura minore durante la fusione cio\u00e8 la trasformazione delle materie prime in vetro e in questo processo non si disperdono fumi nell&#8217;ambiente perch\u00e8 il vetro viene solo riscaldato avendo gi\u00e0 vetrificato, e in pi\u00f9 si smaltisce tanto materiale che altrimenti finirebbe in discarica o nella raccolta differenziata italiana che ancora non garantisce un riutilizzo adeguato dei materiali raccolti. Il vetro andrebbe raccolto diviso non solo dagli altri materiali ma anche per colore per poter essere riciclato al 100%.<\/p>\n\n\n\n<p>Come facciamo noi che otteniamo vetro trasparente, verde, marrone o blu separandolo per colore<\/p>\n","protected":false},"excerpt":{"rendered":"<p>Quando ho scoperto la tecnica del vetro soffiato e sono andata in Scozia per impararla, ho iniziato ad usare il cristallo che \u00e8 tanto bello perch\u00e8 molto brillante e trasparente e morbido da lavorare sia a caldo che a freddo ma ci dicevano essere tossico perch\u00e8 contiene piombo. Quando, tornata in Italia, nel 2000, ho [&hellip;]<\/p>\n","protected":false},"author":1,"featured_media":11,"parent":0,"menu_order":0,"comment_status":"closed","ping_status":"open","template":"","meta":{"ngg_post_thumbnail":0},"translation":{"provider":"WPGlobus","version":"2.5.22","language":"es","enabled_languages":["en","es","de","fr","ru"],"languages":{"en":{"title":true,"content":true,"excerpt":false},"es":{"title":false,"content":false,"excerpt":false},"de":{"title":false,"content":false,"excerpt":false},"fr":{"title":false,"content":false,"excerpt":false},"ru":{"title":false,"content":false,"excerpt":false}}},"_links":{"self":[{"href":"https:\/\/www.vetromaghie.com\/vetro-riciclato\/es\/index.php\/wp-json\/wp\/v2\/pages\/2"}],"collection":[{"href":"https:\/\/www.vetromaghie.com\/vetro-riciclato\/es\/index.php\/wp-json\/wp\/v2\/pages"}],"about":[{"href":"https:\/\/www.vetromaghie.com\/vetro-riciclato\/es\/index.php\/wp-json\/wp\/v2\/types\/page"}],"author":[{"embeddable":true,"href":"https:\/\/www.vetromaghie.com\/vetro-riciclato\/es\/index.php\/wp-json\/wp\/v2\/users\/1"}],"replies":[{"embeddable":true,"href":"https:\/\/www.vetromaghie.com\/vetro-riciclato\/es\/index.php\/wp-json\/wp\/v2\/comments?post=2"}],"version-history":[{"count":7,"href":"https:\/\/www.vetromaghie.com\/vetro-riciclato\/es\/index.php\/wp-json\/wp\/v2\/pages\/2\/revisions"}],"predecessor-version":[{"id":358,"href":"https:\/\/www.vetromaghie.com\/vetro-riciclato\/es\/index.php\/wp-json\/wp\/v2\/pages\/2\/revisions\/358"}],"wp:featuredmedia":[{"embeddable":true,"href":"https:\/\/www.vetromaghie.com\/vetro-riciclato\/es\/index.php\/wp-json\/wp\/v2\/media\/11"}],"wp:attachment":[{"href":"https:\/\/www.vetromaghie.com\/vetro-riciclato\/es\/index.php\/wp-json\/wp\/v2\/media?parent=2"}],"curies":[{"name":"wp","href":"https:\/\/api.w.org\/{rel}","templated":true}]}}