{"id":20,"date":"2019-12-14T08:10:37","date_gmt":"2019-12-14T07:10:37","guid":{"rendered":"https:\/\/www.vetromaghie.com\/vetro-riciclato\/?page_id=20"},"modified":"2020-02-19T16:39:00","modified_gmt":"2020-02-19T15:39:00","slug":"corsi","status":"publish","type":"page","link":"https:\/\/www.vetromaghie.com\/vetro-riciclato\/de\/index.php\/corsi\/","title":{"rendered":"Corsi"},"content":{"rendered":"\n<p>Il vetro per me \u00e8 stato una salvezza, \u00e8 stato il mio maestro di vita, mi ha ricordato che sono fluida e che il cambiamento \u00e8 lo stato naturale delle cose. Per questo lo lavoro senza usare stampi che ne limitano la sua natura fluida e cos\u00ec mi ha insegnato ad abbandonare le credenze che avevano costretto la mia anima fluida.<\/p>\n\n\n\n<p>Questa \u00e8 la modalit\u00e0 con cui ci avvicineremo al vetro, entrando nella natura del materiale che cerchiamo di modellare, entrandoci in empatia.  <\/p>\n\n\n\n<blockquote class=\"wp-block-quote\"><p> <strong>Il vetro e\u2019 un materiale affascinante e misterioso,&nbsp; antico terapeuta naturale&#8230;<\/strong><\/p><\/blockquote>\n\n\n\n<p><br> Il vetro ci insegna ad essere fluid*, ad adattarci alle cose della vita,&nbsp;<\/p>\n\n\n\n<p>a non lottare con noi stess* per rientrare in stampi che non ci si addicono,&nbsp;<\/p>\n\n\n\n<p>ad\naccettare il cambiamento continuo che subisce il nostro animo.&nbsp;<\/p>\n\n\n\n<figure class=\"wp-block-image size-large\"><img src=\"https:\/\/www.vetromaghie.com\/vetro-riciclato\/wp-content\/uploads\/2020\/02\/vetromaghie-2-1.jpg\" alt=\"\" class=\"wp-image-261\"\/><\/figure>\n\n\n\n<blockquote class=\"wp-block-quote\"><p>Il laboratorio a Testa di Lepre, Fiumicino (RM), si pu\u00f2 visitare in occasione delle giornate a porte aperte, e Vetromaghie organizza corsi individuali e di gruppo per principianti, appassionati e professionisti ed \u00e8 aperta alle collaborazioni.<br><\/p><\/blockquote>\n\n\n\n<figure class=\"wp-block-image size-large\"><img loading=\"lazy\" width=\"1024\" height=\"717\" src=\"https:\/\/www.vetromaghie.com\/vetro-riciclato\/wp-content\/uploads\/2019\/12\/volantino-corsi_2019-web-1-1024x717.jpg\" alt=\"\" class=\"wp-image-146\" srcset=\"https:\/\/www.vetromaghie.com\/vetro-riciclato\/wp-content\/uploads\/2019\/12\/volantino-corsi_2019-web-1-1024x717.jpg 1024w, https:\/\/www.vetromaghie.com\/vetro-riciclato\/wp-content\/uploads\/2019\/12\/volantino-corsi_2019-web-1-300x210.jpg 300w, https:\/\/www.vetromaghie.com\/vetro-riciclato\/wp-content\/uploads\/2019\/12\/volantino-corsi_2019-web-1-768x538.jpg 768w, https:\/\/www.vetromaghie.com\/vetro-riciclato\/wp-content\/uploads\/2019\/12\/volantino-corsi_2019-web-1-1536x1076.jpg 1536w, https:\/\/www.vetromaghie.com\/vetro-riciclato\/wp-content\/uploads\/2019\/12\/volantino-corsi_2019-web-1-2048x1434.jpg 2048w, https:\/\/www.vetromaghie.com\/vetro-riciclato\/wp-content\/uploads\/2019\/12\/volantino-corsi_2019-web-1-820x574.jpg 820w\" sizes=\"(max-width: 1024px) 100vw, 1024px\" \/><\/figure>\n\n\n\n<p>In generale i corsi consistono nel lasciarsi guidare dal vetro nel suo mondo fluido, imparando ad essere gentili ed armonici nei movimenti ma al tempo stesso energici.<\/p>\n\n\n\n<p>Se si \u00e8 principianti si far\u00e0 amicizia con gli attrezzi, il calore, i movimenti per poi conoscere e sperimentare le tecniche base di lavorazione. <\/p>\n\n\n\n<p>Per chi ha gi\u00e0 esperienza con il vetro, su richiesta, si potranno approfondire alcune tecniche o focalizzare sulla realizzazione di un proprio progetto creativo. Essendo molto versatili e sperimentali nel nostro approccio al vetro abbiamo riscontrato un buon risultato anche nell&#8217;accompagnare designers nel realizzare i loro sogni in vetro!<\/p>\n\n\n\n<p>I periodi di accensione della fornace sono settembre\/ottobre e marzo\/aprile. Quando la fornace \u00e8 accesa offriamo i seguenti moduli:<\/p>\n\n\n\n<p><strong>Aperivetro<\/strong> : un&#8217;assaggio della lavorazione creando insieme un bicchiere o un fermacarte! Un&#8217;esperienza rigenerante ed entusiasmante. Durata mezza giornata. Costo 90 euro<\/p>\n\n\n\n<p> Il <strong>corso base per principianti<\/strong> dura 2 giorni. Primo giorno: si prende confidenza con le norme di sicurezza, gli attrezzi, i materiali e le tecniche base attraverso l\u00b4esperienza pratica. Secondo giorno: si d\u00e0 espressione alla propria creativit\u00e0, approfondendo le tecniche di lavorazione, con l&#8217;obiettivo di creare una decorazione o un bicchiere. Costo 300 euro<\/p>\n\n\n\n<p>I <strong>corsi avanzati<\/strong> e le <strong>collaborazioni<\/strong> sono concordate a seconda delle esigenze durante i periodi di accensione della fornace .<\/p>\n","protected":false},"excerpt":{"rendered":"<p>Il vetro per me \u00e8 stato una salvezza, \u00e8 stato il mio maestro di vita, mi ha ricordato che sono fluida e che il cambiamento \u00e8 lo stato naturale delle cose. Per questo lo lavoro senza usare stampi che ne limitano la sua natura fluida e cos\u00ec mi ha insegnato ad abbandonare le credenze che [&hellip;]<\/p>\n","protected":false},"author":1,"featured_media":144,"parent":0,"menu_order":0,"comment_status":"closed","ping_status":"closed","template":"","meta":{"ngg_post_thumbnail":0},"translation":{"provider":"WPGlobus","version":"2.5.22","language":"de","enabled_languages":["en","es","de","fr","ru"],"languages":{"en":{"title":true,"content":true,"excerpt":false},"es":{"title":false,"content":false,"excerpt":false},"de":{"title":false,"content":false,"excerpt":false},"fr":{"title":false,"content":false,"excerpt":false},"ru":{"title":false,"content":false,"excerpt":false}}},"_links":{"self":[{"href":"https:\/\/www.vetromaghie.com\/vetro-riciclato\/de\/index.php\/wp-json\/wp\/v2\/pages\/20"}],"collection":[{"href":"https:\/\/www.vetromaghie.com\/vetro-riciclato\/de\/index.php\/wp-json\/wp\/v2\/pages"}],"about":[{"href":"https:\/\/www.vetromaghie.com\/vetro-riciclato\/de\/index.php\/wp-json\/wp\/v2\/types\/page"}],"author":[{"embeddable":true,"href":"https:\/\/www.vetromaghie.com\/vetro-riciclato\/de\/index.php\/wp-json\/wp\/v2\/users\/1"}],"replies":[{"embeddable":true,"href":"https:\/\/www.vetromaghie.com\/vetro-riciclato\/de\/index.php\/wp-json\/wp\/v2\/comments?post=20"}],"version-history":[{"count":9,"href":"https:\/\/www.vetromaghie.com\/vetro-riciclato\/de\/index.php\/wp-json\/wp\/v2\/pages\/20\/revisions"}],"predecessor-version":[{"id":275,"href":"https:\/\/www.vetromaghie.com\/vetro-riciclato\/de\/index.php\/wp-json\/wp\/v2\/pages\/20\/revisions\/275"}],"wp:featuredmedia":[{"embeddable":true,"href":"https:\/\/www.vetromaghie.com\/vetro-riciclato\/de\/index.php\/wp-json\/wp\/v2\/media\/144"}],"wp:attachment":[{"href":"https:\/\/www.vetromaghie.com\/vetro-riciclato\/de\/index.php\/wp-json\/wp\/v2\/media?parent=20"}],"curies":[{"name":"wp","href":"https:\/\/api.w.org\/{rel}","templated":true}]}}